{"id":155,"date":"2019-04-30T11:10:29","date_gmt":"2019-04-30T11:10:29","guid":{"rendered":"https:\/\/nguyentransitory.wordpress.com\/?page_id=155"},"modified":"2024-10-23T23:50:41","modified_gmt":"2024-10-23T22:50:41","slug":"press","status":"publish","type":"page","link":"https:\/\/nguyentransitory.com\/index.php\/press\/","title":{"rendered":"Press"},"content":{"rendered":"\n<p><strong>Reviews<\/strong><\/p>\n\n\n<p><!-- \/wp:paragraph --><\/p>\n<p><!-- wp:paragraph --><!-- \/wp:paragraph --><\/p>\n<p><!-- wp:paragraph --><\/p>\n<p><!-- \/wp:paragraph --><\/p>\n<p><!-- wp:paragraph --><!-- \/wp:paragraph --><\/p>\n<p><!-- wp:paragraph --><\/p>\n<p><!-- \/wp:paragraph --><\/p>\n<p><!-- wp:paragraph --><\/p>\n<p>&#8220;Auf besondere Weise wird damit in der Work-in-progress-Performance des Projekts \u201eBird Bird, Touch Touch, Sing Sing\u201c von Nguy\u1ec5n + Transitory gearbeitet, das im Zeichen eines intersektionalen Feminismus und der s\u00fcdostasiatischen Diaspora steht, der sie, selbst nomadisch zwischen Vietnam, Thailand und Deutschland lebend, angeh\u00f6ren. Das Duo beweist den Mut, noch wenig ausgereifte Kl\u00e4nge in ihrer Dauer, streckenweisen Monotonie und mit der Langsamkeit eines Probenprozesses auf die B\u00fchne zu bringen. W\u00e4hrend es sich, kontinuierlich begleitet von einem leisen, allzu pathetischen Herzschlag, immer wieder rituell zu waschen scheint, bevor es einen zentral aufgestellten Tisch mit weitestgehend nicht zum Einsatz kommender Elektronik umkreist, entstehen improvisierte Interfaces wie die mit Dr\u00e4hten umwickelten und feucht benetzten Unterarme des Duos, die bei Kontakt einen Stromkreis schlie\u00dfen und das omnipr\u00e4sente Brummen minimal \u00e4ndern. Auch ein simples Mikrofon und ein Lautsprecher lassen N\u00e4he und Ferne zwischen den beiden K\u00f6rpern zum akustischen Modulationsprinzip werden: Der Grat zwischen \u00dcbersteuerung und dem Verebben des Feedbacks ist schmal. Klang und Bewegung stehen miteinander in einem wechselseitigen Verh\u00e4ltnis. Momenthaft wird hier deutlich, wie unausweichlich die \u201ePersistence\u201c von Sound und elektronischer Musik ist und dass davon eine anhaltende Energie ausgeht, die immer wieder neue \u00e4sthetische Formen annimmt und nicht zuletzt Auswirkungen auf das Verh\u00e4ltnis von K\u00f6rpern zueinander hat. F\u00fcr Nguy\u1ec5n + Transitory endet dieses vorerst Kopf an Kopf: Sie werden einander zum Hallraum, indem sie sich nicht <em>an<\/em>-, sondern mit geradezu existenzieller Z\u00e4rtlichkeit gegenseitig <em>in<\/em> den Mund schreien.&#8221; (<a href=\"https:\/\/www.textezurkunst.de\/articles\/if-there-were-no-ifs\/\" target=\"_blank\" rel=\"noreferrer noopener\">Annika Haas, Texte zur Kunst<\/a>)<\/p>\n<p><!-- \/wp:paragraph --><\/p>\n<p><!-- wp:paragraph --><\/p>\n<p>&#8220;An dieser Stelle herausgehoben werden kann Nguyen Baly und Tara Transitorys Arbeitsst\u00fcck <em>Bird Bird, Touch Touch, Sing Sing<\/em> (&#8230;). Am Abend zuvor stellten Baly und Transitorys K\u00f6rperlichkeit immer wieder ins Zentrum ihrer Performance, die rund um ein Theremin organisiert war. Von der Verortung des eigenen K\u00f6rpers im Raum mittels einer Art Suche nach R\u00fcckkoppelungen in einem Lautsprechen und Mikrophon, \u00fcber zum Spiel mit dem elektromagnetischen Feld des Theremins bis hin zu physischen N\u00e4he der beiden K\u00fcnstlerinnen \u2013 der K\u00f6rper wurde von Baly und Transitory als zentrales Element f\u00fcr Komposition und Klang verwendet.&#8221; (<a href=\"https:\/\/www.zweikommasieben.ch\/ctm-2019-bestaendigkeit-in-der-vermischung\/\" target=\"_blank\" rel=\"noreferrer noopener\">zweikommasieben Magazin<\/a>)<\/p>\n<p><!-- \/wp:paragraph --><\/p>\n<p><!-- wp:paragraph --><\/p>\n<p>&#8220;This intense performance was a manifestation of queer tension. The homoerotic vibe was omnipresent, and that\u2019s exactly what I was there for, of course. The beginning was slow and theatrical, but soon built up into a harsh noise climax that left everyone bewildered, but in the most pleasant, exciting way.&#8221; (<a href=\"http:\/\/kink.cz\/report-ctm-2019\/\" target=\"_blank\" rel=\"noreferrer noopener\">Kink<\/a>)<\/p>\n<p><!-- \/wp:paragraph --><\/p>\n<p><!-- wp:paragraph --><\/p>\n<p><!-- \/wp:paragraph --><\/p>","protected":false},"excerpt":{"rendered":"<p>Reviews &#8220;Auf besondere Weise wird damit in der Work-in-progress-Performance des Projekts \u201eBird Bird, Touch Touch, Sing Sing\u201c von Nguy\u1ec5n + Transitory gearbeitet, das im Zeichen eines intersektionalen Feminismus und der s\u00fcdostasiatischen Diaspora steht, der sie, selbst nomadisch zwischen Vietnam, Thailand und Deutschland lebend, angeh\u00f6ren. Das Duo beweist den Mut, noch wenig ausgereifte Kl\u00e4nge in ihrer &hellip; <\/p>\n<p class=\"link-more\"><a href=\"https:\/\/nguyentransitory.com\/index.php\/press\/\" class=\"more-link\">Continue reading<span class=\"screen-reader-text\"> &#8220;Press&#8221;<\/span><\/a><\/p>\n","protected":false},"author":2,"featured_media":0,"parent":0,"menu_order":0,"comment_status":"closed","ping_status":"closed","template":"","meta":{"footnotes":""},"class_list":["post-155","page","type-page","status-publish","hentry"],"_links":{"self":[{"href":"https:\/\/nguyentransitory.com\/index.php\/wp-json\/wp\/v2\/pages\/155"}],"collection":[{"href":"https:\/\/nguyentransitory.com\/index.php\/wp-json\/wp\/v2\/pages"}],"about":[{"href":"https:\/\/nguyentransitory.com\/index.php\/wp-json\/wp\/v2\/types\/page"}],"author":[{"embeddable":true,"href":"https:\/\/nguyentransitory.com\/index.php\/wp-json\/wp\/v2\/users\/2"}],"replies":[{"embeddable":true,"href":"https:\/\/nguyentransitory.com\/index.php\/wp-json\/wp\/v2\/comments?post=155"}],"version-history":[{"count":6,"href":"https:\/\/nguyentransitory.com\/index.php\/wp-json\/wp\/v2\/pages\/155\/revisions"}],"predecessor-version":[{"id":492,"href":"https:\/\/nguyentransitory.com\/index.php\/wp-json\/wp\/v2\/pages\/155\/revisions\/492"}],"wp:attachment":[{"href":"https:\/\/nguyentransitory.com\/index.php\/wp-json\/wp\/v2\/media?parent=155"}],"curies":[{"name":"wp","href":"https:\/\/api.w.org\/{rel}","templated":true}]}}